{"id":2042,"date":"2024-07-17T16:03:45","date_gmt":"2024-07-17T16:03:45","guid":{"rendered":"https:\/\/genteplus.org\/?page_id=2042"},"modified":"2024-08-12T18:41:43","modified_gmt":"2024-08-12T18:41:43","slug":"aviso-legal","status":"publish","type":"page","link":"https:\/\/genteplus.org\/index.php\/aviso-legal","title":{"rendered":"Aviso Legal"},"content":{"rendered":"\t\t<div data-elementor-type=\"wp-page\" data-elementor-id=\"2042\" class=\"elementor elementor-2042\">\n\t\t\t\t<div class=\"elementor-element elementor-element-9834c57 e-flex e-con-boxed e-con e-parent\" data-id=\"9834c57\" data-element_type=\"container\" data-e-type=\"container\">\n\t\t\t\t\t<div class=\"e-con-inner\">\n\t\t\t\t<div class=\"elementor-element elementor-element-5b76ee3 elementor-widget elementor-widget-heading\" data-id=\"5b76ee3\" data-element_type=\"widget\" data-e-type=\"widget\" data-widget_type=\"heading.default\">\n\t\t\t\t<div class=\"elementor-widget-container\">\n\t\t\t\t\t<h1 class=\"elementor-heading-title elementor-size-default\">Aviso Legal<\/h1>\t\t\t\t<\/div>\n\t\t\t\t<\/div>\n\t\t\t\t\t<\/div>\n\t\t\t\t<\/div>\n\t\t<div class=\"elementor-element elementor-element-224e185 e-flex e-con-boxed e-con e-parent\" data-id=\"224e185\" data-element_type=\"container\" data-e-type=\"container\">\n\t\t\t\t\t<div class=\"e-con-inner\">\n\t\t\t\t<div class=\"elementor-element elementor-element-17d7f6a elementor-widget elementor-widget-text-editor\" data-id=\"17d7f6a\" data-element_type=\"widget\" data-e-type=\"widget\" data-widget_type=\"text-editor.default\">\n\t\t\t\t<div class=\"elementor-widget-container\">\n\t\t\t\t\t\t\t\t\t<p><b><span data-contrast=\"none\">Lunes 23 de octubre de 2023 <\/span><\/b><span data-contrast=\"none\">El presente Aviso Legal regula el uso de esta p\u00e1gina web y sus dominios genteplus.org (#en lo sucesivo, la P\u00e1gina) titularidad de la Asociaci\u00f3n de Integraci\u00f3n Migratoria Gente Plus (en lo sucesivo, GP), con domicilio social en Travessera de les Corts 348 7-3\u2013 08029 Barcelona, con NIF n\u00famero G56229107 y con direcci\u00f3n de correo electr\u00f3nico info@genteplus.org.<\/span><span data-ccp-props=\"{&quot;134233117&quot;:false,&quot;134233118&quot;:false,&quot;201341983&quot;:0,&quot;335559738&quot;:0,&quot;335559739&quot;:0,&quot;335559740&quot;:240}\">\u00a0<\/span><\/p><p><span data-contrast=\"none\">El uso de la P\u00e1gina por medio de un tercero le atribuye su condici\u00f3n de Usuario y, supone la plena aceptaci\u00f3n de todas y cada una de las Condiciones que se incluyen en el presente Aviso Legal.<\/span><span data-ccp-props=\"{&quot;134233117&quot;:false,&quot;134233118&quot;:false,&quot;201341983&quot;:0,&quot;335559738&quot;:0,&quot;335559739&quot;:0,&quot;335559740&quot;:240}\">\u00a0<\/span><\/p><p><span data-ccp-props=\"{&quot;134233117&quot;:false,&quot;134233118&quot;:false,&quot;201341983&quot;:0,&quot;335559738&quot;:0,&quot;335559739&quot;:0,&quot;335559740&quot;:240}\">\u00a0<\/span><b><span data-contrast=\"none\">USO DE LA P\u00c1GINA:<\/span><\/b><span data-ccp-props=\"{&quot;134233117&quot;:false,&quot;134233118&quot;:false,&quot;201341983&quot;:0,&quot;335559738&quot;:0,&quot;335559739&quot;:0,&quot;335559740&quot;:240}\">\u00a0<\/span><\/p><p><span data-contrast=\"none\">El usuario se obliga a no utilizar la P\u00e1gina por la realizaci\u00f3n de actividades contrarias a las leyes, a la moral, al orden p\u00fablico y, en general, a hacer un uso conforme a las condiciones establecidas en el presente Aviso Legal. As\u00ed mismo, se obliga a no realizar actividades publicitarias o de explotaci\u00f3n comercial remitiendo mensajes que utilicen una identidad falsa.<\/span><span data-ccp-props=\"{&quot;134233117&quot;:false,&quot;134233118&quot;:false,&quot;201341983&quot;:0,&quot;335559738&quot;:0,&quot;335559739&quot;:0,&quot;335559740&quot;:240}\">\u00a0<\/span><\/p><p><span data-ccp-props=\"{&quot;134233117&quot;:false,&quot;134233118&quot;:false,&quot;201341983&quot;:0,&quot;335559738&quot;:0,&quot;335559739&quot;:0,&quot;335559740&quot;:240}\">\u00a0<\/span><span data-contrast=\"none\">La Asociaci\u00f3n GP act\u00faa exclusivamente como responsable de la P\u00e1gina en su condici\u00f3n de prestamistas de un servicio de informaci\u00f3n sobre sus propios servicios, no haci\u00e9ndose responsable de los contenidos que, en controversia a las presentes condiciones generales, los usuarios pudieran enviar o publicar, siendo el usuario el \u00fanico responsable de la veracidad y licitud de los mismos. GP podr\u00e1 interrumpir el servicio de la P\u00e1gina que est\u00e9 siendo utilizado por el usuario y resolver de manera inmediata la relaci\u00f3n con el usuario si detecta un uso de la P\u00e1gina o de cualquiera de los servicios que se que pueda considerar contrario al expresado en el presente Aviso Legal.<\/span><span data-ccp-props=\"{&quot;134233117&quot;:false,&quot;134233118&quot;:false,&quot;201341983&quot;:0,&quot;335559738&quot;:0,&quot;335559739&quot;:0,&quot;335559740&quot;:240}\">\u00a0<\/span><\/p><p><span data-ccp-props=\"{&quot;134233117&quot;:false,&quot;134233118&quot;:false,&quot;201341983&quot;:0,&quot;335559738&quot;:0,&quot;335559739&quot;:0,&quot;335559740&quot;:240}\">\u00a0<\/span><b><span data-contrast=\"none\">PROPIEDAD INTELECTUAL E INDUSTRIAL:<\/span><\/b><span data-ccp-props=\"{&quot;134233117&quot;:false,&quot;134233118&quot;:false,&quot;201341983&quot;:0,&quot;335559738&quot;:0,&quot;335559739&quot;:0,&quot;335559740&quot;:240}\">\u00a0<\/span><\/p><p><span data-contrast=\"none\">La totalidad de esta P\u00e1gina: texto, im\u00e1genes, marcas, gr\u00e1ficos, logotipos, botones, archivos de software, combinaciones de colores, as\u00ed como la estructura, selecci\u00f3n, ordenaci\u00f3n y presentaci\u00f3n de sus contenidos, se encuentra protegida por las leyes sobre Propiedad Intelectual e Industrial, quedando prohibida su reproducci\u00f3n, distribuci\u00f3n, comunicaci\u00f3n p\u00fablica y transformaci\u00f3n, excepto para uso personal y privado.<\/span><span data-ccp-props=\"{&quot;134233117&quot;:false,&quot;134233118&quot;:false,&quot;201341983&quot;:0,&quot;335559738&quot;:0,&quot;335559739&quot;:0,&quot;335559740&quot;:240}\">\u00a0<\/span><\/p><p><span data-ccp-props=\"{&quot;134233117&quot;:false,&quot;134233118&quot;:false,&quot;201341983&quot;:0,&quot;335559738&quot;:0,&quot;335559739&quot;:0,&quot;335559740&quot;:240}\">\u00a0<\/span><span data-contrast=\"none\">La Asociaci\u00f3n GP no garantiza que los contenidos sean necesarios o libres de error o que el libre uso de estos por el usuario no infrinja los derechos de terceras partes. El buen o mal uso de esta p\u00e1gina y de sus contenidos est\u00e1 bajo la responsabilidad del usuario. GP no concede ning\u00fan tipo de licencia o autorizaci\u00f3n de uso personal al Usuario sobre sus derechos de propiedad intelectual e industrial o sobre cualquier otro derecho relacionado con su web y los servicios ofrecidos en la misma.<\/span><span data-ccp-props=\"{&quot;134233117&quot;:false,&quot;134233118&quot;:false,&quot;201341983&quot;:0,&quot;335559738&quot;:0,&quot;335559739&quot;:0,&quot;335559740&quot;:240}\">\u00a0<\/span><\/p><p><span data-ccp-props=\"{&quot;134233117&quot;:false,&quot;134233118&quot;:false,&quot;201341983&quot;:0,&quot;335559738&quot;:0,&quot;335559739&quot;:0,&quot;335559740&quot;:240}\">\u00a0<\/span><span data-contrast=\"none\">Por eso, el Usuario reconoce que la reproducci\u00f3n, distribuci\u00f3n, comercializaci\u00f3n o transformaci\u00f3n no autorizadas de los elementos indicados en los apartados anteriores constituye una infracci\u00f3n de los derechos de propiedad intelectual y\/o industrial de GP o del titular de los mismos.<\/span><span data-ccp-props=\"{&quot;134233117&quot;:false,&quot;134233118&quot;:false,&quot;201341983&quot;:0,&quot;335559738&quot;:0,&quot;335559739&quot;:0,&quot;335559740&quot;:240}\">\u00a0<\/span><\/p><p><span data-ccp-props=\"{&quot;134233117&quot;:false,&quot;134233118&quot;:false,&quot;201341983&quot;:0,&quot;335559738&quot;:0,&quot;335559739&quot;:0,&quot;335559740&quot;:240}\">\u00a0<\/span><b><span data-contrast=\"none\">USO DE COOKIES:<\/span><\/b><span data-ccp-props=\"{&quot;134233117&quot;:false,&quot;134233118&quot;:false,&quot;201341983&quot;:0,&quot;335559738&quot;:0,&quot;335559739&quot;:0,&quot;335559740&quot;:240}\">\u00a0<\/span><\/p><p><span data-contrast=\"none\">La asociaci\u00f3n GP informa a los Usuarios de la posible colocaci\u00f3n de \u201ccookies\u201d a lo largo de la navegaci\u00f3n al ordenador de los Usuarios, de forma que, al navegar por la web, se podr\u00eda llegar a reconocer autom\u00e1ticamente, entre otros, la direcci\u00f3n IP del ordenador de los Usuarios y otros posibles datos de navegaci\u00f3n. GP no reconocer\u00e1 por estos medios los datos personales de los usuarios como por ejemplo nombre, direcci\u00f3n, tel\u00e9fono, etc. si los Usuarios no los han proporcionado en los formularios, y\/o han autorizado su tratamiento. En consecuencia, el uso de cookies solo responde a motivos de mantenimiento de la sesi\u00f3n de navegaci\u00f3n.\u00a0<\/span><span data-ccp-props=\"{&quot;134233117&quot;:false,&quot;134233118&quot;:false,&quot;201341983&quot;:0,&quot;335559738&quot;:0,&quot;335559739&quot;:0,&quot;335559740&quot;:240}\">\u00a0<\/span><\/p><p><span data-ccp-props=\"{&quot;134233117&quot;:false,&quot;134233118&quot;:false,&quot;201341983&quot;:0,&quot;335559738&quot;:0,&quot;335559739&quot;:0,&quot;335559740&quot;:240}\">\u00a0<\/span><span data-contrast=\"none\">En ning\u00fan caso se almacenar\u00e1n datos de car\u00e1cter personal. Si los Usuarios no quisieran admitir la cookie, tendr\u00edan que eliminar esta posibilidad en las opciones de Usuario de su navegador. Sin embargo, GP no se hace responsable de las irregularidades que la no aceptaci\u00f3n de cookies pueda generar durante la navegaci\u00f3n por sus p\u00e1ginas web.<\/span><span data-ccp-props=\"{&quot;134233117&quot;:false,&quot;134233118&quot;:false,&quot;201341983&quot;:0,&quot;335559738&quot;:0,&quot;335559739&quot;:0,&quot;335559740&quot;:240}\">\u00a0<\/span><\/p><p><b><span data-contrast=\"none\">GOOGLE\u202f ANALYTICS\u00a0<\/span><\/b><span data-ccp-props=\"{&quot;134233117&quot;:false,&quot;134233118&quot;:false,&quot;201341983&quot;:0,&quot;335559738&quot;:0,&quot;335559739&quot;:0,&quot;335559740&quot;:240}\">\u00a0<\/span><\/p><p><span data-contrast=\"none\">Este sitio web utiliza Google Analytics, un servicio anal\u00edtico de web prestado por Google Inc., una compa\u00f1\u00eda de Delaware con la oficina principal a 1600 Amphitheatre Parkway, Mountain View (California), CA 94043, Estados Unidos \u201dGoogle\u201d. Google Analytics utiliza \u201dcookies\u201c, que son archivos de texto ubicados en su ordenador, para ayudar a la P\u00e1gina a analizar el uso que hacen los usuarios del sitio web.\u00a0<\/span><span data-ccp-props=\"{&quot;134233117&quot;:false,&quot;134233118&quot;:false,&quot;201341983&quot;:0,&quot;335559738&quot;:0,&quot;335559739&quot;:0,&quot;335559740&quot;:240}\">\u00a0<\/span><\/p><p><span data-ccp-props=\"{&quot;134233117&quot;:false,&quot;134233118&quot;:false,&quot;201341983&quot;:0,&quot;335559738&quot;:0,&quot;335559739&quot;:0,&quot;335559740&quot;:240}\">\u00a0<\/span><span data-contrast=\"none\">La informaci\u00f3n que genera la cookie sobre su uso de la P\u00e1gina (incluyendo su direcci\u00f3n IP) ser\u00e1 directamente transmitida y archivada por Google en los servidores de Estados Unidos. Google utilizar\u00e1 esta informaci\u00f3n por cuenta nuestra con el prop\u00f3sito de seguir la pista de su uso de la P\u00e1gina, recopilando informes de la actividad de la P\u00e1gina y prestando otros servicios relacionados con la actividad de la P\u00e1gina y el uso de Internet. Google podr\u00e1 transmitir esta informaci\u00f3n a terceros cuando as\u00ed lo requiera la legislaci\u00f3n, o cuando estos terceros procesen la informaci\u00f3n por cuenta de Google.<\/span><span data-ccp-props=\"{&quot;134233117&quot;:false,&quot;134233118&quot;:false,&quot;201341983&quot;:0,&quot;335559738&quot;:0,&quot;335559739&quot;:0,&quot;335559740&quot;:240}\">\u00a0<\/span><\/p><p><span data-contrast=\"none\">Google no asociar\u00e1 su direcci\u00f3n IP con ninguno otro dato de que disponga Google. Usted puede rechazar el tratamiento de los datos o la informaci\u00f3n rechazando el uso de cookies mediante la selecci\u00f3n de la configuraci\u00f3n apropiada de su navegador, pero, tiene que saber que si lo hace puede ser que no pueda utilizar la plena funcionalidad de esta P\u00e1gina. Al utilizar este sitio web usted consiente el tratamiento de informaci\u00f3n sobre usted por Google en la forma y para los fines arriba indicados.<\/span><span data-ccp-props=\"{&quot;134233117&quot;:false,&quot;134233118&quot;:false,&quot;201341983&quot;:0,&quot;335559738&quot;:0,&quot;335559739&quot;:0,&quot;335559740&quot;:240}\">\u00a0<\/span><\/p><p><span data-ccp-props=\"{&quot;134233117&quot;:false,&quot;134233118&quot;:false,&quot;201341983&quot;:0,&quot;335559738&quot;:0,&quot;335559739&quot;:0,&quot;335559740&quot;:240}\">\u00a0<\/span><b><span data-contrast=\"none\">ENLACES O LINKS:<\/span><\/b><span data-ccp-props=\"{&quot;134233117&quot;:false,&quot;134233118&quot;:false,&quot;201341983&quot;:0,&quot;335559738&quot;:0,&quot;335559739&quot;:0,&quot;335559740&quot;:240}\">\u00a0<\/span><\/p><p><span data-contrast=\"none\">La P\u00e1gina puede incluir enlaces o links a lugares de terceros. Las p\u00e1ginas pertenecientes a terceros no han sido revisadas ni son objeto de control por parte de la Asociaci\u00f3n\u202fGP. La Asociaci\u00f3n Gente Plus\u00a0 (GP)no podr\u00e1 considerarse responsable de los contenidos de estos sitios web ni de las medidas que se adopten sobre su privacidad o al tratamiento personal de sus datos.<\/span><span data-ccp-props=\"{&quot;134233117&quot;:false,&quot;134233118&quot;:false,&quot;201341983&quot;:0,&quot;335559738&quot;:0,&quot;335559739&quot;:0,&quot;335559740&quot;:240}\">\u00a0<\/span><\/p><p><span data-ccp-props=\"{&quot;134233117&quot;:false,&quot;134233118&quot;:false,&quot;201341983&quot;:0,&quot;335559738&quot;:0,&quot;335559739&quot;:0,&quot;335559740&quot;:240}\">\u00a0<\/span><span data-contrast=\"none\">La Asociaci\u00f3n GP recomienda la lectura detenida de las condiciones de uso y la pol\u00edtica de privacidad de estos lugares. Si le interesa, al activar un enlace a alguna de las p\u00e1ginas de GP tiene que comunicar, obteniendo el consentimiento expreso para crearlo. La Asociaci\u00f3n GP se reserva el derecho de oposici\u00f3n a la activaci\u00f3n de enlaces con su sitio web.\u00a0\u00a0<\/span><span data-ccp-props=\"{&quot;134233117&quot;:false,&quot;134233118&quot;:false,&quot;201341983&quot;:0,&quot;335559738&quot;:0,&quot;335559739&quot;:0,&quot;335559740&quot;:240}\">\u00a0<\/span><\/p><p><span data-ccp-props=\"{&quot;134233117&quot;:false,&quot;134233118&quot;:false,&quot;201341983&quot;:0,&quot;335559738&quot;:0,&quot;335559739&quot;:0,&quot;335559740&quot;:240}\">\u00a0<\/span><span data-contrast=\"none\">GP no asume ninguna responsabilidad por el contenido de cualquier foro o debate en el ciberespacio (chat), boletines o cualquier tipo de transmisiones, que est\u00e9n vinculadas en esta P\u00e1gina y cooperar\u00e1, si es requerida por orden judicial o por las autoridades pertinentes, en la identificaci\u00f3n de las personas responsables de aquellos contenidos que violen la ley.\u00a0<\/span><span data-ccp-props=\"{&quot;134233117&quot;:false,&quot;134233118&quot;:false,&quot;201341983&quot;:0,&quot;335559738&quot;:0,&quot;335559739&quot;:0,&quot;335559740&quot;:240}\">\u00a0<\/span><\/p><p><span data-ccp-props=\"{&quot;134233117&quot;:false,&quot;134233118&quot;:false,&quot;201341983&quot;:0,&quot;335559738&quot;:0,&quot;335559739&quot;:0,&quot;335559740&quot;:240}\">\u00a0<\/span><span data-contrast=\"none\">As\u00ed mismo, no garantiza tampoco la respuesta a las comunicaciones que puedan remitir a la misma o a sus empleados a trav\u00e9s del website, ni la exactitud o idoneidad de estas respuestas.\u00a0 GP\u202fexcluye toda responsabilidad que pudiera derivarse de la transmisi\u00f3n de informaci\u00f3n entre usuarios. La responsabilidad de las manifestaciones difundidas en esta P\u00e1gina es exclusiva de quienes las realizan.<\/span><span data-ccp-props=\"{&quot;134233117&quot;:false,&quot;134233118&quot;:false,&quot;201341983&quot;:0,&quot;335559738&quot;:0,&quot;335559739&quot;:0,&quot;335559740&quot;:240}\">\u00a0<\/span><\/p><p><span data-ccp-props=\"{&quot;134233117&quot;:false,&quot;134233118&quot;:false,&quot;201341983&quot;:0,&quot;335559738&quot;:0,&quot;335559739&quot;:0,&quot;335559740&quot;:240}\">\u00a0<\/span><b><span data-contrast=\"none\">RESPONSABILIDADES:<\/span><\/b><span data-ccp-props=\"{&quot;134233117&quot;:false,&quot;134233118&quot;:false,&quot;201341983&quot;:0,&quot;335559738&quot;:0,&quot;335559739&quot;:0,&quot;335559740&quot;:240}\">\u00a0<\/span><span data-contrast=\"none\">La Asociaci\u00f3n\u202fGP\u202fno ser\u00e1 responsable directa ni subsidiariamente de:<\/span><span data-ccp-props=\"{&quot;134233117&quot;:false,&quot;134233118&quot;:false,&quot;201341983&quot;:0,&quot;335559738&quot;:0,&quot;335559739&quot;:0,&quot;335559740&quot;:240}\">\u00a0<\/span><\/p><ul><li><span data-contrast=\"none\"> La calidad del servicio, la velocidad de acceso, el correcto funcionamiento ni la disponibilidad ni continuidad de funcionamiento de la p\u00e1gina.<\/span><br \/><span data-contrast=\"none\">\u2022 Los da\u00f1os que puedan causar en los equipos del usuario por la utilizaci\u00f3n de la P\u00e1gina.<\/span><br \/><span data-contrast=\"none\">\u2022 Los casos en que un tercero, rompiendo las medidas de seguridad establecidas, acceda a los mensajes o los utilice para la remisi\u00f3n de virus inform\u00e1ticos.<\/span>\u00a0<br \/><span data-contrast=\"none\">\u2022 Los vicios y defectos de toda clase de los contenidos transmitidos, difundidos, almacenados, puestos a disposici\u00f3n, a los que se haya accedido a trav\u00e9s del sitio web o de los servicios que se ofrecen.<\/span>\u00a0<br \/><span data-contrast=\"none\">\u2022 La licitud, fiabilidad y utilidad de los contenidos que los usuarios transmitan con la utilizaci\u00f3n de la p\u00e1gina o de los servicios en ella ofrecidos, as\u00ed como tampoco su veracidad o exactitud. La Asociaci\u00f3n GP no controla la utilizaci\u00f3n que los usuarios hacen de la P\u00e1gina, ni garantiza que lo hagan conforme al que establece el presente Aviso Legal.<\/span>\u00a0<br \/><span data-contrast=\"none\">\u2022 A t\u00edtulo enunciativo y con car\u00e1cter no limitativo, el usuario ser\u00e1 responsable de:<\/span>\u00a0<br \/><span data-contrast=\"none\">\u2022 De los contenidos introducidos por ellos, especialmente de los datos e informaciones introducidas y enviados a la Asociaci\u00f3n GP por medio de la P\u00e1gina.<\/span>\u00a0<br \/><span data-contrast=\"none\">\u2022 De la realizaci\u00f3n de cualquier tipo de actuaci\u00f3n il\u00edcita, lesiva de derechos, nociva y\/o perjudicial.<\/span><span data-ccp-props=\"{&quot;134233117&quot;:false,&quot;134233118&quot;:false,&quot;201341983&quot;:0,&quot;335559738&quot;:0,&quot;335559739&quot;:0,&quot;335559740&quot;:240}\">\u00a0<\/span><\/li><\/ul><p><b><span data-contrast=\"none\">DURACI\u00d3N\u202fY\u202fPLAZO:<\/span><\/b><span data-ccp-props=\"{&quot;134233117&quot;:false,&quot;134233118&quot;:false,&quot;201341983&quot;:0,&quot;335559738&quot;:0,&quot;335559739&quot;:0,&quot;335559740&quot;:240}\">\u00a0<\/span><\/p><p><span data-contrast=\"none\">La duraci\u00f3n del presente Aviso Legal es indefinida. Sin embargo, la Asociaci\u00f3n GP podr\u00e1 dar por acabada o suspender la accesibilidad de cualquier de los contenidos ofrecidos en la P\u00e1gina.<\/span><span data-ccp-props=\"{&quot;134233117&quot;:false,&quot;134233118&quot;:false,&quot;201341983&quot;:0,&quot;335559738&quot;:0,&quot;335559739&quot;:0,&quot;335559740&quot;:240}\">\u00a0<\/span><\/p><p><span data-contrast=\"none\">As\u00ed mismo, GP podr\u00e1 modificar el contenido del Aviso Legal en cualquier momento, para adecuarlo a futuros cambios legislativos o tecnol\u00f3gicos. Estas modificaciones se considerar\u00e1n que han sido eficazmente notificadas desde su publicaci\u00f3n en la web siendo v\u00e1lidas desde este momento.<\/span><span data-ccp-props=\"{&quot;134233117&quot;:false,&quot;134233118&quot;:false,&quot;201341983&quot;:0,&quot;335559738&quot;:0,&quot;335559739&quot;:0,&quot;335559740&quot;:240}\">\u00a0<\/span><\/p><p><b><span data-contrast=\"none\">FUERO:<\/span><\/b><span data-ccp-props=\"{&quot;134233117&quot;:false,&quot;134233118&quot;:false,&quot;201341983&quot;:0,&quot;335559738&quot;:0,&quot;335559739&quot;:0,&quot;335559740&quot;:240}\">\u00a0<\/span><\/p><p><span data-contrast=\"none\">Este Aviso Legal se somete a la legislaci\u00f3n espa\u00f1ola vigente. Para cualquier tipo de controversia derivada de la utilizaci\u00f3n de los servicios ofrecidos o de los contenidos propios de la P\u00e1gina las partes, con la aceptaci\u00f3n de las cl\u00e1usulas que establece el presente Aviso Legal se someter\u00e1n a los Tribunales y Juzgados competentes de Barcelona.<\/span><span data-ccp-props=\"{&quot;134233117&quot;:false,&quot;134233118&quot;:false,&quot;201341983&quot;:0,&quot;335559738&quot;:0,&quot;335559739&quot;:0,&quot;335559740&quot;:240}\">\u00a0<\/span><\/p><p>\u00a0<\/p>\t\t\t\t\t\t\t\t<\/div>\n\t\t\t\t<\/div>\n\t\t\t\t\t<\/div>\n\t\t\t\t<\/div>\n\t\t\t\t<\/div>\n\t\t","protected":false},"excerpt":{"rendered":"<p>Aviso Legal Lunes 23 de octubre de 2023 El presente Aviso Legal regula el uso de esta p\u00e1gina web y sus dominios genteplus.org (#en lo sucesivo, la P\u00e1gina) titularidad de la Asociaci\u00f3n de Integraci\u00f3n Migratoria Gente Plus (en lo sucesivo, GP), con domicilio social en Travessera de les Corts 348 7-3\u2013 08029 Barcelona, con NIF [&hellip;]<\/p>\n","protected":false},"author":1,"featured_media":0,"parent":0,"menu_order":0,"comment_status":"closed","ping_status":"closed","template":"","meta":{"site-sidebar-layout":"no-sidebar","site-content-layout":"page-builder","ast-site-content-layout":"full-width-container","site-content-style":"default","site-sidebar-style":"default","ast-global-header-display":"","ast-banner-title-visibility":"","ast-main-header-display":"","ast-hfb-above-header-display":"","ast-hfb-below-header-display":"","ast-hfb-mobile-header-display":"","site-post-title":"disabled","ast-breadcrumbs-content":"","ast-featured-img":"disabled","footer-sml-layout":"","ast-disable-related-posts":"","theme-transparent-header-meta":"","adv-header-id-meta":"","stick-header-meta":"","header-above-stick-meta":"","header-main-stick-meta":"","header-below-stick-meta":"","astra-migrate-meta-layouts":"set","ast-page-background-enabled":"default","ast-page-background-meta":{"desktop":{"background-color":"","background-image":"","background-repeat":"repeat","background-position":"center center","background-size":"auto","background-attachment":"scroll","background-type":"","background-media":"","overlay-type":"","overlay-color":"","overlay-opacity":"","overlay-gradient":""},"tablet":{"background-color":"","background-image":"","background-repeat":"repeat","background-position":"center center","background-size":"auto","background-attachment":"scroll","background-type":"","background-media":"","overlay-type":"","overlay-color":"","overlay-opacity":"","overlay-gradient":""},"mobile":{"background-color":"","background-image":"","background-repeat":"repeat","background-position":"center center","background-size":"auto","background-attachment":"scroll","background-type":"","background-media":"","overlay-type":"","overlay-color":"","overlay-opacity":"","overlay-gradient":""}},"ast-content-background-meta":{"desktop":{"background-color":"var(--ast-global-color-5)","background-image":"","background-repeat":"repeat","background-position":"center center","background-size":"auto","background-attachment":"scroll","background-type":"","background-media":"","overlay-type":"","overlay-color":"","overlay-opacity":"","overlay-gradient":""},"tablet":{"background-color":"var(--ast-global-color-5)","background-image":"","background-repeat":"repeat","background-position":"center center","background-size":"auto","background-attachment":"scroll","background-type":"","background-media":"","overlay-type":"","overlay-color":"","overlay-opacity":"","overlay-gradient":""},"mobile":{"background-color":"var(--ast-global-color-5)","background-image":"","background-repeat":"repeat","background-position":"center center","background-size":"auto","background-attachment":"scroll","background-type":"","background-media":"","overlay-type":"","overlay-color":"","overlay-opacity":"","overlay-gradient":""}},"footnotes":""},"class_list":["post-2042","page","type-page","status-publish","hentry"],"_links":{"self":[{"href":"https:\/\/genteplus.org\/index.php\/wp-json\/wp\/v2\/pages\/2042","targetHints":{"allow":["GET"]}}],"collection":[{"href":"https:\/\/genteplus.org\/index.php\/wp-json\/wp\/v2\/pages"}],"about":[{"href":"https:\/\/genteplus.org\/index.php\/wp-json\/wp\/v2\/types\/page"}],"author":[{"embeddable":true,"href":"https:\/\/genteplus.org\/index.php\/wp-json\/wp\/v2\/users\/1"}],"replies":[{"embeddable":true,"href":"https:\/\/genteplus.org\/index.php\/wp-json\/wp\/v2\/comments?post=2042"}],"version-history":[{"count":7,"href":"https:\/\/genteplus.org\/index.php\/wp-json\/wp\/v2\/pages\/2042\/revisions"}],"predecessor-version":[{"id":2157,"href":"https:\/\/genteplus.org\/index.php\/wp-json\/wp\/v2\/pages\/2042\/revisions\/2157"}],"wp:attachment":[{"href":"https:\/\/genteplus.org\/index.php\/wp-json\/wp\/v2\/media?parent=2042"}],"curies":[{"name":"wp","href":"https:\/\/api.w.org\/{rel}","templated":true}]}}