{"id":600,"date":"2023-09-28T09:39:56","date_gmt":"2023-09-28T09:39:56","guid":{"rendered":"http:\/\/genteplus.org\/?page_id=600"},"modified":"2024-10-29T19:18:47","modified_gmt":"2024-10-29T19:18:47","slug":"esencia","status":"publish","type":"page","link":"https:\/\/genteplus.org\/index.php\/esencia","title":{"rendered":"Esencia"},"content":{"rendered":"\t\t<div data-elementor-type=\"wp-page\" data-elementor-id=\"600\" class=\"elementor elementor-600\">\n\t\t\t\t\t\t<section class=\"elementor-section elementor-top-section elementor-element elementor-element-9e2aff0 elementor-section-height-min-height elementor-section-items-bottom elementor-section-content-bottom elementor-section-boxed elementor-section-height-default\" data-id=\"9e2aff0\" data-element_type=\"section\" data-e-type=\"section\" data-settings=\"{&quot;background_background&quot;:&quot;classic&quot;}\">\n\t\t\t\t\t\t\t<div class=\"elementor-background-overlay\"><\/div>\n\t\t\t\t\t\t\t<div class=\"elementor-container elementor-column-gap-default\">\n\t\t\t\t\t<div class=\"elementor-column elementor-col-100 elementor-top-column elementor-element elementor-element-482a4fa\" data-id=\"482a4fa\" data-element_type=\"column\" data-e-type=\"column\">\n\t\t\t<div class=\"elementor-widget-wrap elementor-element-populated\">\n\t\t\t\t\t\t<div class=\"elementor-element elementor-element-71470bc elementor-widget__width-initial elementor-widget elementor-widget-heading\" data-id=\"71470bc\" data-element_type=\"widget\" data-e-type=\"widget\" data-widget_type=\"heading.default\">\n\t\t\t\t<div class=\"elementor-widget-container\">\n\t\t\t\t\t<h1 class=\"elementor-heading-title elementor-size-default\">Qui\u00e9nes Somos<\/h1>\t\t\t\t<\/div>\n\t\t\t\t<\/div>\n\t\t\t\t\t<\/div>\n\t\t<\/div>\n\t\t\t\t\t<\/div>\n\t\t<\/section>\n\t\t\t\t<section class=\"elementor-section elementor-top-section elementor-element elementor-element-572f6ff elementor-section-boxed elementor-section-height-default elementor-section-height-default\" data-id=\"572f6ff\" data-element_type=\"section\" data-e-type=\"section\">\n\t\t\t\t\t\t<div class=\"elementor-container elementor-column-gap-no\">\n\t\t\t\t\t<div class=\"elementor-column elementor-col-100 elementor-top-column elementor-element elementor-element-e5743e3\" data-id=\"e5743e3\" data-element_type=\"column\" data-e-type=\"column\">\n\t\t\t<div class=\"elementor-widget-wrap elementor-element-populated\">\n\t\t\t\t\t\t<div class=\"elementor-element elementor-element-94d1784 elementor-widget elementor-widget-heading\" data-id=\"94d1784\" data-element_type=\"widget\" data-e-type=\"widget\" data-widget_type=\"heading.default\">\n\t\t\t\t<div class=\"elementor-widget-container\">\n\t\t\t\t\t<h2 class=\"elementor-heading-title elementor-size-default\">Misi\u00f3n, Visi\u00f3n y Valores de Gente Plus<\/h2>\t\t\t\t<\/div>\n\t\t\t\t<\/div>\n\t\t\t\t<div class=\"elementor-element elementor-element-e042a92 elementor-widget-divider--view-line elementor-widget elementor-widget-divider\" data-id=\"e042a92\" data-element_type=\"widget\" data-e-type=\"widget\" data-widget_type=\"divider.default\">\n\t\t\t\t<div class=\"elementor-widget-container\">\n\t\t\t\t\t\t\t<div class=\"elementor-divider\">\n\t\t\t<span class=\"elementor-divider-separator\">\n\t\t\t\t\t\t<\/span>\n\t\t<\/div>\n\t\t\t\t\t\t<\/div>\n\t\t\t\t<\/div>\n\t\t\t\t\t<\/div>\n\t\t<\/div>\n\t\t\t\t\t<\/div>\n\t\t<\/section>\n\t\t<div class=\"elementor-element elementor-element-6aa62c8 e-flex e-con-boxed e-con e-parent\" data-id=\"6aa62c8\" data-element_type=\"container\" data-e-type=\"container\">\n\t\t\t\t\t<div class=\"e-con-inner\">\n\t\t<div class=\"elementor-element elementor-element-7c055c4 e-con-full e-flex e-con e-child\" data-id=\"7c055c4\" data-element_type=\"container\" data-e-type=\"container\">\n\t\t\t\t<div class=\"elementor-element elementor-element-47485e8 elementor-widget elementor-widget-image\" data-id=\"47485e8\" data-element_type=\"widget\" data-e-type=\"widget\" data-widget_type=\"image.default\">\n\t\t\t\t<div class=\"elementor-widget-container\">\n\t\t\t\t\t\t\t\t\t\t\t\t\t\t\t<img fetchpriority=\"high\" decoding=\"async\" width=\"1024\" height=\"829\" src=\"https:\/\/genteplus.org\/wp-content\/uploads\/2023\/09\/mision-1024x829.png\" class=\"attachment-large size-large wp-image-470\" alt=\"\" srcset=\"https:\/\/genteplus.org\/wp-content\/uploads\/2023\/09\/mision-1024x829.png 1024w, https:\/\/genteplus.org\/wp-content\/uploads\/2023\/09\/mision-300x243.png 300w, https:\/\/genteplus.org\/wp-content\/uploads\/2023\/09\/mision-768x622.png 768w, https:\/\/genteplus.org\/wp-content\/uploads\/2023\/09\/mision.png 1050w\" sizes=\"(max-width: 1024px) 100vw, 1024px\" \/>\t\t\t\t\t\t\t\t\t\t\t\t\t\t\t<\/div>\n\t\t\t\t<\/div>\n\t\t\t\t<\/div>\n\t\t<div class=\"elementor-element elementor-element-a761256 e-con-full e-flex e-con e-child\" data-id=\"a761256\" data-element_type=\"container\" data-e-type=\"container\">\n\t\t\t\t<div class=\"elementor-element elementor-element-82486b7 elementor-widget elementor-widget-heading\" data-id=\"82486b7\" data-element_type=\"widget\" data-e-type=\"widget\" data-widget_type=\"heading.default\">\n\t\t\t\t<div class=\"elementor-widget-container\">\n\t\t\t\t\t<h4 class=\"elementor-heading-title elementor-size-default\">MISI\u00d3N<\/h4>\t\t\t\t<\/div>\n\t\t\t\t<\/div>\n\t\t\t\t<div class=\"elementor-element elementor-element-678a3a0 elementor-widget elementor-widget-heading\" data-id=\"678a3a0\" data-element_type=\"widget\" data-e-type=\"widget\" data-widget_type=\"heading.default\">\n\t\t\t\t<div class=\"elementor-widget-container\">\n\t\t\t\t\t<h5 class=\"elementor-heading-title elementor-size-default\">Servir de plataforma para una integraci\u00f3n Cultural, Econ\u00f3mica y Social de las personas que migran, a trav\u00e9s de los diferentes procesos de orientaci\u00f3n, formaci\u00f3n, asesor\u00eda y apoyo a los afiliados de Gente Plus.<\/h5>\t\t\t\t<\/div>\n\t\t\t\t<\/div>\n\t\t\t\t<\/div>\n\t\t\t\t\t<\/div>\n\t\t\t\t<\/div>\n\t\t<div class=\"elementor-element elementor-element-0d2d540 e-flex e-con-boxed e-con e-parent\" data-id=\"0d2d540\" data-element_type=\"container\" data-e-type=\"container\">\n\t\t\t\t\t<div class=\"e-con-inner\">\n\t\t<div class=\"elementor-element elementor-element-e859eb1 e-con-full e-flex e-con e-child\" data-id=\"e859eb1\" data-element_type=\"container\" data-e-type=\"container\">\n\t\t\t\t<div class=\"elementor-element elementor-element-4c00b35 elementor-widget elementor-widget-image\" data-id=\"4c00b35\" data-element_type=\"widget\" data-e-type=\"widget\" data-widget_type=\"image.default\">\n\t\t\t\t<div class=\"elementor-widget-container\">\n\t\t\t\t\t\t\t\t\t\t\t\t\t\t\t<img decoding=\"async\" width=\"1024\" height=\"830\" src=\"https:\/\/genteplus.org\/wp-content\/uploads\/2023\/09\/vision-1024x830.png\" class=\"attachment-large size-large wp-image-472\" alt=\"\" srcset=\"https:\/\/genteplus.org\/wp-content\/uploads\/2023\/09\/vision-1024x830.png 1024w, https:\/\/genteplus.org\/wp-content\/uploads\/2023\/09\/vision-300x243.png 300w, https:\/\/genteplus.org\/wp-content\/uploads\/2023\/09\/vision-768x623.png 768w, https:\/\/genteplus.org\/wp-content\/uploads\/2023\/09\/vision.png 1056w\" sizes=\"(max-width: 1024px) 100vw, 1024px\" \/>\t\t\t\t\t\t\t\t\t\t\t\t\t\t\t<\/div>\n\t\t\t\t<\/div>\n\t\t\t\t<\/div>\n\t\t<div class=\"elementor-element elementor-element-012c0b4 e-con-full e-flex e-con e-child\" data-id=\"012c0b4\" data-element_type=\"container\" data-e-type=\"container\">\n\t\t\t\t<div class=\"elementor-element elementor-element-8556439 elementor-widget elementor-widget-heading\" data-id=\"8556439\" data-element_type=\"widget\" data-e-type=\"widget\" data-widget_type=\"heading.default\">\n\t\t\t\t<div class=\"elementor-widget-container\">\n\t\t\t\t\t<h4 class=\"elementor-heading-title elementor-size-default\">VISI\u00d3N<\/h4>\t\t\t\t<\/div>\n\t\t\t\t<\/div>\n\t\t\t\t<div class=\"elementor-element elementor-element-055daf0 elementor-widget elementor-widget-heading\" data-id=\"055daf0\" data-element_type=\"widget\" data-e-type=\"widget\" data-widget_type=\"heading.default\">\n\t\t\t\t<div class=\"elementor-widget-container\">\n\t\t\t\t\t<h5 class=\"elementor-heading-title elementor-size-default\">Ser un modelo de referencia en los procesos de integraci\u00f3n migratoria.  <\/h5>\t\t\t\t<\/div>\n\t\t\t\t<\/div>\n\t\t\t\t<\/div>\n\t\t\t\t\t<\/div>\n\t\t\t\t<\/div>\n\t\t<div class=\"elementor-element elementor-element-7756e52 e-flex e-con-boxed e-con e-parent\" data-id=\"7756e52\" data-element_type=\"container\" data-e-type=\"container\">\n\t\t\t\t\t<div class=\"e-con-inner\">\n\t\t<div class=\"elementor-element elementor-element-5cd38c6 e-con-full e-flex e-con e-child\" data-id=\"5cd38c6\" data-element_type=\"container\" data-e-type=\"container\">\n\t\t\t\t<div class=\"elementor-element elementor-element-1cda846 elementor-widget elementor-widget-image\" data-id=\"1cda846\" data-element_type=\"widget\" data-e-type=\"widget\" data-widget_type=\"image.default\">\n\t\t\t\t<div class=\"elementor-widget-container\">\n\t\t\t\t\t\t\t\t\t\t\t\t\t\t\t<img decoding=\"async\" width=\"1024\" height=\"829\" src=\"https:\/\/genteplus.org\/wp-content\/uploads\/2023\/09\/valores-1024x829.png\" class=\"attachment-large size-large wp-image-471\" alt=\"\" srcset=\"https:\/\/genteplus.org\/wp-content\/uploads\/2023\/09\/valores-1024x829.png 1024w, https:\/\/genteplus.org\/wp-content\/uploads\/2023\/09\/valores-300x243.png 300w, https:\/\/genteplus.org\/wp-content\/uploads\/2023\/09\/valores-768x622.png 768w, https:\/\/genteplus.org\/wp-content\/uploads\/2023\/09\/valores.png 1063w\" sizes=\"(max-width: 1024px) 100vw, 1024px\" \/>\t\t\t\t\t\t\t\t\t\t\t\t\t\t\t<\/div>\n\t\t\t\t<\/div>\n\t\t\t\t<\/div>\n\t\t<div class=\"elementor-element elementor-element-094b6e9 e-con-full e-flex e-con e-child\" data-id=\"094b6e9\" data-element_type=\"container\" data-e-type=\"container\">\n\t\t\t\t<div class=\"elementor-element elementor-element-0448fe2 elementor-widget elementor-widget-heading\" data-id=\"0448fe2\" data-element_type=\"widget\" data-e-type=\"widget\" data-widget_type=\"heading.default\">\n\t\t\t\t<div class=\"elementor-widget-container\">\n\t\t\t\t\t<h4 class=\"elementor-heading-title elementor-size-default\">VALORES<\/h4>\t\t\t\t<\/div>\n\t\t\t\t<\/div>\n\t\t\t\t<div class=\"elementor-element elementor-element-301dc42 elementor-widget elementor-widget-text-editor\" data-id=\"301dc42\" data-element_type=\"widget\" data-e-type=\"widget\" data-widget_type=\"text-editor.default\">\n\t\t\t\t<div class=\"elementor-widget-container\">\n\t\t\t\t\t\t\t\t\t<h5><span style=\"font-weight: 400;\"><strong>COOPERACI\u00d3N<\/strong>\u00a0<\/span><\/h5><p><span style=\"font-weight: 400;\">Confiamos en la Cooperaci\u00f3n mutua como el medio m\u00e1s eficiente para alcanzar los objetivos personales y grupales de manera org\u00e1nica y beneficiosa para todos.<\/span><\/p>\t\t\t\t\t\t\t\t<\/div>\n\t\t\t\t<\/div>\n\t\t\t\t<div class=\"elementor-element elementor-element-c762422 elementor-widget elementor-widget-text-editor\" data-id=\"c762422\" data-element_type=\"widget\" data-e-type=\"widget\" data-widget_type=\"text-editor.default\">\n\t\t\t\t<div class=\"elementor-widget-container\">\n\t\t\t\t\t\t\t\t\t<h5>TRANSPARENCIA<\/h5><p><span style=\"font-weight: 400;\">Estamos comprometidos en ser honestos y transparentes frente a nuestros afiliados, colaboradores y dem\u00e1s entes p\u00fablicos y privados involucrados directa e indirectamente con nuestro proceder.<\/span><\/p>\t\t\t\t\t\t\t\t<\/div>\n\t\t\t\t<\/div>\n\t\t\t\t<div class=\"elementor-element elementor-element-cf50fa5 elementor-widget elementor-widget-text-editor\" data-id=\"cf50fa5\" data-element_type=\"widget\" data-e-type=\"widget\" data-widget_type=\"text-editor.default\">\n\t\t\t\t<div class=\"elementor-widget-container\">\n\t\t\t\t\t\t\t\t\t<h5><span style=\"font-weight: 400;\"><strong>SOLIDARIDAD<\/strong>\u00a0<\/span><\/h5><p><span style=\"font-weight: 400;\">La solidaridad y la empat\u00eda es lo que nos mueve a cooperar de forma natural con las causas e intereses comunes y particulares de los integrantes de la asociaci\u00f3n y fuera de \u00e9sta.<\/span><\/p>\t\t\t\t\t\t\t\t<\/div>\n\t\t\t\t<\/div>\n\t\t\t\t<div class=\"elementor-element elementor-element-eeeff9a elementor-widget elementor-widget-text-editor\" data-id=\"eeeff9a\" data-element_type=\"widget\" data-e-type=\"widget\" data-widget_type=\"text-editor.default\">\n\t\t\t\t<div class=\"elementor-widget-container\">\n\t\t\t\t\t\t\t\t\t<h5><span style=\"font-weight: 400;\"><strong>PROGRESO<\/strong>\u00a0<\/span><\/h5><p><span style=\"font-weight: 400;\">Impulsamos y apostamos por el desarrollo aut\u00f3nomo y responsable de cada persona para mantener y sostener su estado de bienestar e integraci\u00f3n. <\/span><\/p>\t\t\t\t\t\t\t\t<\/div>\n\t\t\t\t<\/div>\n\t\t\t\t<div class=\"elementor-element elementor-element-a3db006 elementor-widget elementor-widget-text-editor\" data-id=\"a3db006\" data-element_type=\"widget\" data-e-type=\"widget\" data-widget_type=\"text-editor.default\">\n\t\t\t\t<div class=\"elementor-widget-container\">\n\t\t\t\t\t\t\t\t\t<h5><span style=\"font-style: inherit; text-align: var(--text-align); background-color: var(--ast-global-color-4);\">DIVERSIDAD<\/span><\/h5><p><span style=\"font-weight: 400;\">Confiamos en el enriquecimiento cultural, social y econ\u00f3mico que produce la apertura hacia la inclusi\u00f3n de cualquier migrante, independientemente de su origen, para nuestra asociaci\u00f3n y la sociedad en general.\u00a0 <\/span><\/p>\t\t\t\t\t\t\t\t<\/div>\n\t\t\t\t<\/div>\n\t\t\t\t<\/div>\n\t\t\t\t\t<\/div>\n\t\t\t\t<\/div>\n\t\t\t\t<\/div>\n\t\t","protected":false},"excerpt":{"rendered":"<p>Qui\u00e9nes Somos Misi\u00f3n, Visi\u00f3n y Valores de Gente Plus MISI\u00d3N Servir de plataforma para una integraci\u00f3n Cultural, Econ\u00f3mica y Social de las personas que migran, a trav\u00e9s de los diferentes procesos de orientaci\u00f3n, formaci\u00f3n, asesor\u00eda y apoyo a los afiliados de Gente Plus. VISI\u00d3N Ser un modelo de referencia en los procesos de integraci\u00f3n migratoria. [&hellip;]<\/p>\n","protected":false},"author":1,"featured_media":0,"parent":0,"menu_order":0,"comment_status":"closed","ping_status":"closed","template":"","meta":{"site-sidebar-layout":"no-sidebar","site-content-layout":"page-builder","ast-site-content-layout":"default","site-content-style":"default","site-sidebar-style":"default","ast-global-header-display":"","ast-banner-title-visibility":"","ast-main-header-display":"","ast-hfb-above-header-display":"","ast-hfb-below-header-display":"","ast-hfb-mobile-header-display":"","site-post-title":"disabled","ast-breadcrumbs-content":"disabled","ast-featured-img":"disabled","footer-sml-layout":"","ast-disable-related-posts":"","theme-transparent-header-meta":"enabled","adv-header-id-meta":"","stick-header-meta":"","header-above-stick-meta":"","header-main-stick-meta":"","header-below-stick-meta":"","astra-migrate-meta-layouts":"default","ast-page-background-enabled":"default","ast-page-background-meta":{"desktop":{"background-color":"","background-image":"","background-repeat":"repeat","background-position":"center center","background-size":"auto","background-attachment":"scroll","background-type":"","background-media":"","overlay-type":"","overlay-color":"","overlay-opacity":"","overlay-gradient":""},"tablet":{"background-color":"","background-image":"","background-repeat":"repeat","background-position":"center center","background-size":"auto","background-attachment":"scroll","background-type":"","background-media":"","overlay-type":"","overlay-color":"","overlay-opacity":"","overlay-gradient":""},"mobile":{"background-color":"","background-image":"","background-repeat":"repeat","background-position":"center center","background-size":"auto","background-attachment":"scroll","background-type":"","background-media":"","overlay-type":"","overlay-color":"","overlay-opacity":"","overlay-gradient":""}},"ast-content-background-meta":{"desktop":{"background-color":"var(--ast-global-color-5)","background-image":"","background-repeat":"repeat","background-position":"center center","background-size":"auto","background-attachment":"scroll","background-type":"","background-media":"","overlay-type":"","overlay-color":"","overlay-opacity":"","overlay-gradient":""},"tablet":{"background-color":"var(--ast-global-color-5)","background-image":"","background-repeat":"repeat","background-position":"center center","background-size":"auto","background-attachment":"scroll","background-type":"","background-media":"","overlay-type":"","overlay-color":"","overlay-opacity":"","overlay-gradient":""},"mobile":{"background-color":"var(--ast-global-color-5)","background-image":"","background-repeat":"repeat","background-position":"center center","background-size":"auto","background-attachment":"scroll","background-type":"","background-media":"","overlay-type":"","overlay-color":"","overlay-opacity":"","overlay-gradient":""}},"footnotes":""},"class_list":["post-600","page","type-page","status-publish","hentry"],"_links":{"self":[{"href":"https:\/\/genteplus.org\/index.php\/wp-json\/wp\/v2\/pages\/600","targetHints":{"allow":["GET"]}}],"collection":[{"href":"https:\/\/genteplus.org\/index.php\/wp-json\/wp\/v2\/pages"}],"about":[{"href":"https:\/\/genteplus.org\/index.php\/wp-json\/wp\/v2\/types\/page"}],"author":[{"embeddable":true,"href":"https:\/\/genteplus.org\/index.php\/wp-json\/wp\/v2\/users\/1"}],"replies":[{"embeddable":true,"href":"https:\/\/genteplus.org\/index.php\/wp-json\/wp\/v2\/comments?post=600"}],"version-history":[{"count":43,"href":"https:\/\/genteplus.org\/index.php\/wp-json\/wp\/v2\/pages\/600\/revisions"}],"predecessor-version":[{"id":3472,"href":"https:\/\/genteplus.org\/index.php\/wp-json\/wp\/v2\/pages\/600\/revisions\/3472"}],"wp:attachment":[{"href":"https:\/\/genteplus.org\/index.php\/wp-json\/wp\/v2\/media?parent=600"}],"curies":[{"name":"wp","href":"https:\/\/api.w.org\/{rel}","templated":true}]}}